{"id":25,"date":"2017-05-17T20:05:52","date_gmt":"2017-05-17T18:05:52","guid":{"rendered":"http:\/\/kpzj.dkonto.pl\/?page_id=25"},"modified":"2026-02-16T11:18:14","modified_gmt":"2026-02-16T10:18:14","slug":"kontakt","status":"publish","type":"page","link":"https:\/\/slawek-staniec.pl\/kpzj\/kontakt\/","title":{"rendered":"Kontakt"},"content":{"rendered":"<section class=\"wpb-content-wrapper\"><p>[vc_section full_width=&#8221;stretch_row&#8221;][vc_row][vc_column width=&#8221;1\/2&#8243;]<div class=\"heading  color-black transform-header-up   vc_custom_1642177279553\" id=\"like_sc_header_1714226894\"><h3 class=\"header\">Kontakt<\/h3><\/div>[vc_column_text el_class=&#8221;kontakt&#8221;]<\/p>\n<div style=\"line-height: 32px;\"><span style=\"font-size: 24px;\">Kujawsko-Pomorski Zwi\u0105zek Je\u017adziecki<\/span><br \/>\n<span style=\"font-size: 24px;\">ul. Wyzwolenia 139<\/span><br \/>\n<span style=\"font-size: 24px;\">85-790 Bydgoszcz<\/span><\/div>\n<p>&nbsp;<\/p>\n<p><strong>Kontakt:<\/strong><\/p>\n<p>Sekretarz KPZJ: <a href=\"mailto:biuro@kpzj.pl\">biuro@kpzj.pl<\/a><\/p>\n<p>Zarz\u0105d KPZJ: <a href=\"mailto:zarzad@kpzj.pl\">zarzad@kpzj.pl<\/a><\/p>\n<p>Admin KPZJ:\u00a0<a href=\"admin@kpzj.pl\">admin@kpzj.pl<\/a><\/p>\n<p>&nbsp;<\/p>\n<p>&nbsp;<\/p>\n<p><strong>Zatwierdzanie propozycji zawod\u00f3w:<\/strong><\/p>\n<p><a href=\"mailto:propozycje@kpzj.pl\">propozycje@kpzj.pl<\/a><\/p>\n<p>skokowe: Katarzyna Meger, tel: <strong>696-053-284<\/strong><\/p>\n<p>uje\u017cd\u017ceniowe: Joanna Kruk, tel: <strong>603-067-764<\/strong><\/p>\n<p>&nbsp;<\/p>\n<p><strong>Licencje zawodnik\u00f3w i koni:<\/strong><\/p>\n<p><a href=\"mailto:licencje@kpzj.pl\">licencje@kpzj.pl<\/a><\/p>\n<p>Tomasz Laskowski, tel: <strong>602-755-432<\/strong><\/p>\n<p>&nbsp;<\/p>\n<p><strong>Ranking KPZJ<\/strong>:<\/p>\n<p><a href=\"mailto:ranking@kpzj.pl\">ranking@kpzj.pl<\/a><\/p>\n<p>Paulina Ogorza\u0142a, tel:<strong> 606-555-144<\/strong><\/p>\n<p>&nbsp;<\/p>\n<p>&nbsp;<\/p>\n<div class=\"\"><\/div>\n<p>[\/vc_column_text][\/vc_column][vc_column width=&#8221;1\/2&#8243; bg_repeat=&#8221;repeat-x&#8221; bg_pos=&#8221;center-top&#8221; css=&#8221;.vc_custom_1508350667352{margin-top: 0px !important;padding-top: 0px !important;}&#8221;]<div class=\"jtx-contact-form-7 transform-default form-bg-gray form-style-default form-btn-default form-btn-default form-padding-default \" id=\"like_sc_contact_form_7_1439869204\">\n<div class=\"wpcf7 no-js\" id=\"wpcf7-f1401-o1\" lang=\"en-US\" dir=\"ltr\" data-wpcf7-id=\"1401\">\n<div class=\"screen-reader-response\"><p role=\"status\" aria-live=\"polite\" aria-atomic=\"true\"><\/p> <ul><\/ul><\/div>\n<form action=\"\/kpzj\/wp-json\/wp\/v2\/pages\/25#wpcf7-f1401-o1\" method=\"post\" class=\"wpcf7-form init\" aria-label=\"Contact form\" novalidate=\"novalidate\" data-status=\"init\">\n<div style=\"display: none;\">\n<input type=\"hidden\" name=\"_wpcf7\" value=\"1401\" \/>\n<input type=\"hidden\" name=\"_wpcf7_version\" value=\"6.0.6\" \/>\n<input type=\"hidden\" name=\"_wpcf7_locale\" value=\"en_US\" \/>\n<input type=\"hidden\" name=\"_wpcf7_unit_tag\" value=\"wpcf7-f1401-o1\" \/>\n<input type=\"hidden\" name=\"_wpcf7_container_post\" value=\"0\" \/>\n<input type=\"hidden\" name=\"_wpcf7_posted_data_hash\" value=\"\" \/>\n<\/div>\n<div class=\"mkdf-grid-row mkdf-grid-normal-gutter\">\n\t<div class=\"mkdf-grid-col-6\">\n\t\t<p><span class=\"wpcf7-form-control-wrap\" data-name=\"your-email\"><input size=\"40\" maxlength=\"400\" class=\"wpcf7-form-control wpcf7-email wpcf7-validates-as-required wpcf7-text wpcf7-validates-as-email\" aria-required=\"true\" aria-invalid=\"false\" placeholder=\"E-mail...\" value=\"\" type=\"email\" name=\"your-email\" \/><\/span><br \/>\n<span class=\"wpcf7-form-control-wrap\" data-name=\"your-email\"><input size=\"40\" maxlength=\"400\" class=\"wpcf7-form-control wpcf7-email wpcf7-validates-as-required wpcf7-text wpcf7-validates-as-email\" aria-required=\"true\" aria-invalid=\"false\" placeholder=\"Temat...\" value=\"\" type=\"email\" name=\"your-email\" \/><\/span>\n\t\t<\/p>\n\t<\/div>\n\t<div class=\"mkdf-grid-col-6\">\n\t\t<p><span class=\"wpcf7-form-control-wrap\" data-name=\"your-name\"><input size=\"40\" maxlength=\"400\" class=\"wpcf7-form-control wpcf7-text wpcf7-validates-as-required\" aria-required=\"true\" aria-invalid=\"false\" placeholder=\"Nazwa...\" value=\"\" type=\"text\" name=\"your-name\" \/><\/span><br \/>\n<span class=\"wpcf7-form-control-wrap\" data-name=\"your-email\"><input size=\"40\" maxlength=\"400\" class=\"wpcf7-form-control wpcf7-email wpcf7-validates-as-required wpcf7-text wpcf7-validates-as-email\" aria-required=\"true\" aria-invalid=\"false\" placeholder=\"Kontakt ...(np. telefon...)\" value=\"\" type=\"email\" name=\"your-email\" \/><\/span>\n\t\t<\/p>\n\t<\/div>\n<\/div>\n<p><span class=\"wpcf7-form-control-wrap\" data-name=\"your-message\"><textarea cols=\"40\" rows=\"10\" maxlength=\"2000\" class=\"wpcf7-form-control wpcf7-textarea\" aria-invalid=\"false\" placeholder=\"Wiadomo\u015b\u0107...\" name=\"your-message\"><\/textarea><\/span>\n<\/p>\n<div class=\"mkdf-button-right clearfix\">\n\t<p><input class=\"wpcf7-form-control wpcf7-submit has-spinner\" type=\"submit\" value=\"Wy\u015blij\" \/>\n\t<\/p>\n<\/div><div class=\"wpcf7-response-output\" aria-hidden=\"true\"><\/div>\n<\/form>\n<\/div>\n<\/div>[\/vc_column][\/vc_row][vc_row][vc_column][vc_empty_space height=&#8221;35&#8243;][\/vc_column][\/vc_row][\/vc_section][vc_row full_width=&#8221;stretch_row_content_no_spaces&#8221; el_class=&#8221;googleMaps&#8221; css=&#8221;.vc_custom_1743363302172{padding-bottom: 0px !important;}&#8221; el_id=&#8221;googleMaps&#8221;][vc_column el_class=&#8221;googleMaps&#8221; css=&#8221;.vc_custom_1743363158066{padding-bottom: 0px !important;}&#8221;][vc_gmaps link=&#8221;#E-8_JTNDaWZyYW1lJTIwc3JjJTNEJTIyaHR0cHMlM0ElMkYlMkZ3d3cuZ29vZ2xlLmNvbSUyRm1hcHMlMkZlbWJlZCUzRnBiJTNEJTIxMW0xOCUyMTFtMTIlMjExbTMlMjExZDIzOTAuOTMyOTE4NDg3NjYzJTIxMmQxOC4xNjU1Mzk3MTI3NzQ5MzMlMjEzZDUzLjE4MzE4MzE4NjgwMjkyJTIxMm0zJTIxMWYwJTIxMmYwJTIxM2YwJTIxM20yJTIxMWkxMDI0JTIxMmk3NjglMjE0ZjEzLjElMjEzbTMlMjExbTIlMjExczB4NDcwMzE3YWZmNmY0ZDZkZCUyNTNBMHhlZjBmMmQwZjk2ODgwMTdhJTIxMnNTdGFqbmlhJTI1MjBKYXJ1JTI1QzUlMjVCQ3luJTIxNWUwJTIxM20yJTIxMXNwbCUyMTJzcGwlMjE0djE3NDMzNjI4NTY0OTQlMjE1bTIlMjExc3BsJTIxMnNwbCUyMiUyMHdpZHRoJTNEJTIyNjAwJTIyJTIwaGVpZ2h0JTNEJTIyNDUwJTIyJTIwc3R5bGUlM0QlMjJib3JkZXIlM0EwJTNCJTIyJTIwYWxsb3dmdWxsc2NyZWVuJTNEJTIyJTIyJTIwbG9hZGluZyUzRCUyMmxhenklMjIlMjByZWZlcnJlcnBvbGljeSUzRCUyMm5vLXJlZmVycmVyLXdoZW4tZG93bmdyYWRlJTIyJTNFJTNDJTJGaWZyYW1lJTNF&#8221;][\/vc_column][\/vc_row]<\/p>\n<\/section>","protected":false},"excerpt":{"rendered":"<p>[vc_section full_width=&#8221;stretch_row&#8221;][vc_row][vc_column width=&#8221;1\/2&#8243;][vc_column_text el_class=&#8221;kontakt&#8221;] Kujawsko-Pomorski Zwi\u0105zek Je\u017adziecki ul. Wyzwolenia 139 85-790 Bydgoszcz &nbsp; Kontakt: Sekretarz KPZJ: biuro@kpzj.pl Zarz\u0105d KPZJ: zarzad@kpzj.pl Admin KPZJ:\u00a0admin@kpzj.pl &nbsp; &nbsp; Zatwierdzanie propozycji zawod\u00f3w: propozycje@kpzj.pl skokowe: Katarzyna Meger, tel: 696-053-284 uje\u017cd\u017ceniowe: Joanna Kruk, tel: 603-067-764 &nbsp; Licencje zawodnik\u00f3w i koni: licencje@kpzj.pl Tomasz Laskowski, tel: 602-755-432 &nbsp; Ranking KPZJ: ranking@kpzj.pl Paulina Ogorza\u0142a, tel: 606-555-144 &nbsp; &nbsp; [\/vc_column_text][\/vc_column][vc_column width=&#8221;1\/2&#8243; bg_repeat=&#8221;repeat-x&#8221; bg_pos=&#8221;center-top&#8221; css=&#8221;.vc_custom_1508350667352{margin-top: 0px !important;padding-top: 0px !important;}&#8221;][\/vc_column][\/vc_row][vc_row][vc_column][vc_empty_space height=&#8221;35&#8243;][\/vc_column][\/vc_row][\/vc_section][vc_row full_width=&#8221;stretch_row_content_no_spaces&#8221; el_class=&#8221;googleMaps&#8221; css=&#8221;.vc_custom_1743363302172{padding-bottom: 0px !important;}&#8221; el_id=&#8221;googleMaps&#8221;][vc_column el_class=&#8221;googleMaps&#8221; css=&#8221;.vc_custom_1743363158066{padding-bottom: 0px !important;}&#8221;][vc_gmaps link=&#8221;#E-8_JTNDaWZyYW1lJTIwc3JjJTNEJTIyaHR0cHMlM0ElMkYlMkZ3d3cuZ29vZ2xlLmNvbSUyRm1hcHMlMkZlbWJlZCUzRnBiJTNEJTIxMW0xOCUyMTFtMTIlMjExbTMlMjExZDIzOTAuOTMyOTE4NDg3NjYzJTIxMmQxOC4xNjU1Mzk3MTI3NzQ5MzMlMjEzZDUzLjE4MzE4MzE4NjgwMjkyJTIxMm0zJTIxMWYwJTIxMmYwJTIxM2YwJTIxM20yJTIxMWkxMDI0JTIxMmk3NjglMjE0ZjEzLjElMjEzbTMlMjExbTIlMjExczB4NDcwMzE3YWZmNmY0ZDZkZCUyNTNBMHhlZjBmMmQwZjk2ODgwMTdhJTIxMnNTdGFqbmlhJTI1MjBKYXJ1JTI1QzUlMjVCQ3luJTIxNWUwJTIxM20yJTIxMXNwbCUyMTJzcGwlMjE0djE3NDMzNjI4NTY0OTQlMjE1bTIlMjExc3BsJTIxMnNwbCUyMiUyMHdpZHRoJTNEJTIyNjAwJTIyJTIwaGVpZ2h0JTNEJTIyNDUwJTIyJTIwc3R5bGUlM0QlMjJib3JkZXIlM0EwJTNCJTIyJTIwYWxsb3dmdWxsc2NyZWVuJTNEJTIyJTIyJTIwbG9hZGluZyUzRCUyMmxhenklMjIlMjByZWZlcnJlcnBvbGljeSUzRCUyMm5vLXJlZmVycmVyLXdoZW4tZG93bmdyYWRlJTIyJTNFJTNDJTJGaWZyYW1lJTNF&#8221;][\/vc_column][\/vc_row]<\/p>\n","protected":false},"author":1,"featured_media":0,"parent":0,"menu_order":0,"comment_status":"closed","ping_status":"closed","template":"","meta":{"footnotes":""},"class_list":["post-25","page","type-page","status-publish","hentry"],"_links":{"self":[{"href":"https:\/\/slawek-staniec.pl\/kpzj\/wp-json\/wp\/v2\/pages\/25","targetHints":{"allow":["GET"]}}],"collection":[{"href":"https:\/\/slawek-staniec.pl\/kpzj\/wp-json\/wp\/v2\/pages"}],"about":[{"href":"https:\/\/slawek-staniec.pl\/kpzj\/wp-json\/wp\/v2\/types\/page"}],"author":[{"embeddable":true,"href":"https:\/\/slawek-staniec.pl\/kpzj\/wp-json\/wp\/v2\/users\/1"}],"replies":[{"embeddable":true,"href":"https:\/\/slawek-staniec.pl\/kpzj\/wp-json\/wp\/v2\/comments?post=25"}],"version-history":[{"count":26,"href":"https:\/\/slawek-staniec.pl\/kpzj\/wp-json\/wp\/v2\/pages\/25\/revisions"}],"predecessor-version":[{"id":4706,"href":"https:\/\/slawek-staniec.pl\/kpzj\/wp-json\/wp\/v2\/pages\/25\/revisions\/4706"}],"wp:attachment":[{"href":"https:\/\/slawek-staniec.pl\/kpzj\/wp-json\/wp\/v2\/media?parent=25"}],"curies":[{"name":"wp","href":"https:\/\/api.w.org\/{rel}","templated":true}]}}