{"id":4565,"date":"2025-03-22T22:01:19","date_gmt":"2025-03-22T22:01:19","guid":{"rendered":"https:\/\/slawek-staniec.pl\/kpzj\/?page_id=4565"},"modified":"2025-03-22T22:58:27","modified_gmt":"2025-03-22T22:58:27","slug":"o-nas","status":"publish","type":"page","link":"https:\/\/slawek-staniec.pl\/kpzj\/o-nas\/","title":{"rendered":"O nas"},"content":{"rendered":"<section class=\"wpb-content-wrapper\"><p>[vc_row css=&#8221;.vc_custom_1742684304465{margin-bottom: 20px !important;}&#8221;][vc_column][vc_custom_heading text=&#8221;Kujawsko-Pomorski Zwi\u0105zek Je\u017adziecki&#8221; font_container=&#8221;tag:h3|text_align:center&#8221; google_fonts=&#8221;font_family:Lora%3Aregular%2Citalic%2C700%2C700italic|font_style:400%20regular%3A400%3Anormal&#8221;][\/vc_column][\/vc_row][vc_row css=&#8221;.vc_custom_1742684276197{margin-top: 20px !important;margin-bottom: 50px !important;}&#8221;][vc_column width=&#8221;1\/2&#8243;][vc_column_text]Misj\u0105 Zwi\u0105zk\u00f3w Je\u017adzieckich jest sta\u0142e popularyzowanie sport\u00f3w je\u017adzieckich w\u015br\u00f3d spo\u0142ecze\u0144stwa oraz nieustanne podnoszenie poziomu w polskiego je\u017adziectwa sportowego i zdobywanie miejsc medalowych na zawodach mi\u0119dzynarodowych. Misj\u0105 Kujawsko-Pomorskiego Zwi\u0105zku Je\u017adzieckiego jest organizacja i krzewienie je\u017adziectwa w wojew\u00f3dztwie kujawsko-pomorskim. Wojew\u00f3dzkie Zwi\u0105zki Je\u017adzieckie organizuj\u0105 wsp\u00f3\u0142zawodnictwo w sportowych konkurencjach zwi\u0105zanych z jazd\u0105 konn\u0105. Do konkurencji nale\u017c\u0105: uje\u017cd\u017cenie, skoki, WKKW, powo\u017cenie, wolty\u017cerka, sportowej rajdy konne, reining, paraje\u017adziectwo oraz polo.[\/vc_column_text][\/vc_column][vc_column width=&#8221;1\/2&#8243;][vc_single_image image=&#8221;4566&#8243; img_size=&#8221;large&#8221;][\/vc_column][\/vc_row]<\/p>\n<\/section>","protected":false},"excerpt":{"rendered":"<p>[vc_row css=&#8221;.vc_custom_1742684304465{margin-bottom: 20px !important;}&#8221;][vc_column][vc_custom_heading text=&#8221;Kujawsko-Pomorski Zwi\u0105zek Je\u017adziecki&#8221; font_container=&#8221;tag:h3|text_align:center&#8221; google_fonts=&#8221;font_family:Lora%3Aregular%2Citalic%2C700%2C700italic|font_style:400%20regular%3A400%3Anormal&#8221;][\/vc_column][\/vc_row][vc_row css=&#8221;.vc_custom_1742684276197{margin-top: 20px !important;margin-bottom: 50px !important;}&#8221;][vc_column width=&#8221;1\/2&#8243;][vc_column_text]Misj\u0105 Zwi\u0105zk\u00f3w Je\u017adzieckich jest sta\u0142e popularyzowanie sport\u00f3w je\u017adzieckich w\u015br\u00f3d spo\u0142ecze\u0144stwa oraz nieustanne podnoszenie poziomu w polskiego je\u017adziectwa sportowego i zdobywanie miejsc medalowych na zawodach mi\u0119dzynarodowych. Misj\u0105 Kujawsko-Pomorskiego Zwi\u0105zku Je\u017adzieckiego jest organizacja i krzewienie je\u017adziectwa w wojew\u00f3dztwie kujawsko-pomorskim. Wojew\u00f3dzkie Zwi\u0105zki Je\u017adzieckie organizuj\u0105 wsp\u00f3\u0142zawodnictwo w sportowych konkurencjach zwi\u0105zanych z jazd\u0105 konn\u0105. Do konkurencji nale\u017c\u0105: uje\u017cd\u017cenie, skoki, WKKW, powo\u017cenie, wolty\u017cerka, sportowej rajdy konne, reining, paraje\u017adziectwo oraz polo.[\/vc_column_text][\/vc_column][vc_column width=&#8221;1\/2&#8243;][vc_single_image image=&#8221;4566&#8243; img_size=&#8221;large&#8221;][\/vc_column][\/vc_row]<\/p>\n","protected":false},"author":1,"featured_media":0,"parent":0,"menu_order":0,"comment_status":"closed","ping_status":"closed","template":"","meta":{"footnotes":""},"categories":[],"tags":[],"class_list":["post-4565","page","type-page","status-publish","hentry"],"_links":{"self":[{"href":"https:\/\/slawek-staniec.pl\/kpzj\/wp-json\/wp\/v2\/pages\/4565","targetHints":{"allow":["GET"]}}],"collection":[{"href":"https:\/\/slawek-staniec.pl\/kpzj\/wp-json\/wp\/v2\/pages"}],"about":[{"href":"https:\/\/slawek-staniec.pl\/kpzj\/wp-json\/wp\/v2\/types\/page"}],"author":[{"embeddable":true,"href":"https:\/\/slawek-staniec.pl\/kpzj\/wp-json\/wp\/v2\/users\/1"}],"replies":[{"embeddable":true,"href":"https:\/\/slawek-staniec.pl\/kpzj\/wp-json\/wp\/v2\/comments?post=4565"}],"version-history":[{"count":7,"href":"https:\/\/slawek-staniec.pl\/kpzj\/wp-json\/wp\/v2\/pages\/4565\/revisions"}],"predecessor-version":[{"id":4576,"href":"https:\/\/slawek-staniec.pl\/kpzj\/wp-json\/wp\/v2\/pages\/4565\/revisions\/4576"}],"wp:attachment":[{"href":"https:\/\/slawek-staniec.pl\/kpzj\/wp-json\/wp\/v2\/media?parent=4565"}],"wp:term":[{"taxonomy":"category","embeddable":true,"href":"https:\/\/slawek-staniec.pl\/kpzj\/wp-json\/wp\/v2\/categories?post=4565"},{"taxonomy":"post_tag","embeddable":true,"href":"https:\/\/slawek-staniec.pl\/kpzj\/wp-json\/wp\/v2\/tags?post=4565"}],"curies":[{"name":"wp","href":"https:\/\/api.w.org\/{rel}","templated":true}]}}